{"id":1000,"date":"2021-01-18T12:45:18","date_gmt":"2021-01-18T18:45:18","guid":{"rendered":"https:\/\/www.liftpartsfl.com\/terms-conditions\/"},"modified":"2021-07-19T06:11:52","modified_gmt":"2021-07-19T12:11:52","slug":"terminos-y-condiciones","status":"publish","type":"page","link":"https:\/\/www.liftpartsfl.com\/es\/terminos-y-condiciones\/","title":{"rendered":"T\u00e9rminos y condiciones"},"content":{"rendered":"\n<p>\u00a1Bienvenido a Lift Parts &amp; Export!<\/p>\n\n\n\n<p>Estos t\u00e9rminos y condiciones describen las reglas y regulaciones para el uso del sitio web de Lift Parts &amp; Export, ubicado en https:\/\/www.liftpartsfl.com\/<\/p>\n\n\n\n<p>Al acceder a este sitio web asumimos que acepta estos t\u00e9rminos y condiciones. No contin\u00fae usando Lift Parts &amp; Export si no est\u00e1 de acuerdo con todos los t\u00e9rminos y condiciones establecidos en esta p\u00e1gina.<\/p>\n\n\n\n<p>La siguiente terminolog\u00eda se aplica a estos T\u00e9rminos y condiciones, Declaraci\u00f3n de privacidad y Aviso de exenci\u00f3n de responsabilidad y todos los Acuerdos: \u00abCliente\u00bb, \u00abUsted\u00bb y \u00abSu\u00bb se refieren a usted, la persona que inicia sesi\u00f3n en este sitio web y cumple con los t\u00e9rminos y condiciones de la Compa\u00f1\u00eda. \u00abLa Compa\u00f1\u00eda\u00bb, \u00abNosotros\u00bb, \u00abNosotros\u00bb, \u00abNuestro\u00bb y \u00abNosotros\u00bb, se refiere a nuestra Compa\u00f1\u00eda. \u00abParte\u00bb, \u00abPartes\u00bb o \u00abNosotros\u00bb se refiere tanto al Cliente como a nosotros mismos. Todos los t\u00e9rminos se refieren a la oferta, aceptaci\u00f3n y consideraci\u00f3n del pago necesario para llevar a cabo el proceso de nuestra asistencia al Cliente de la manera m\u00e1s apropiada con el prop\u00f3sito expreso de satisfacer las necesidades del Cliente con respecto a la prestaci\u00f3n de los servicios declarados por la Compa\u00f1\u00eda, de acuerdo con y sujeto a la legislaci\u00f3n vigente de los Pa\u00edses Bajos. Cualquier uso de la terminolog\u00eda anterior u otras palabras en singular, plural, may\u00fasculas y \/ o \u00e9l \/ ella o ellos, se toman como intercambiables y, por lo tanto, se refieren a los mismos.<\/p>\n\n\n\n<p><strong>Cookies<\/strong><\/p>\n\n\n\n<p>Empleamos el uso de cookies. Al acceder a Lift Parts &amp; Export, acept\u00f3 utilizar cookies de acuerdo con la Pol\u00edtica de privacidad de Lift Parts &amp; Export.<\/p>\n\n\n\n<p>La mayor\u00eda de los sitios web interactivos utilizan cookies para permitirnos recuperar los detalles del usuario en cada visita. Nuestro sitio web utiliza cookies para habilitar la funcionalidad de ciertas \u00e1reas para que sea m\u00e1s f\u00e1cil para las personas que visitan nuestro sitio web. Algunos de nuestros socios publicitarios \/ afiliados tambi\u00e9n pueden utilizar cookies.<\/p>\n\n\n\n<p><strong>Licencia<\/strong><\/p>\n\n\n\n<p>A menos que se indique lo contrario, Lift Parts &amp; Export y \/ o sus licenciantes poseen los derechos de propiedad intelectual de todo el material de Lift Parts &amp; Export. Todos los derechos de propiedad intelectual est\u00e1n reservados. Puede acceder a esto desde Lift Parts &amp; Export para su uso personal sujeto a las restricciones establecidas en estos t\u00e9rminos y condiciones.<\/p>\n\n\n\n<p>No debes:<\/p>\n\n\n\n<ul class=\"specialDash\"><li>Volver a publicar material de Lift Parts &amp; Export<\/li><li>Vender, alquilar o sublicenciar material de Lift Parts &amp; Export<\/li><li>Reproducir, duplicar o copiar material de Lift Parts &amp; Export<\/li><li>Redistribuir el contenido de Lift Parts &amp; Export<\/li><\/ul>\n\n\n\n<p>Este Acuerdo comenzar\u00e1 en la fecha del mismo. Nuestros T\u00e9rminos y Condiciones se crearon con la ayuda del<a class=\"color_brown\" href=\"https:\/\/www.termsandconditionsgenerator.com\" target=\"_blank\" rel=\"noreferrer noopener\"> Generador de T\u00e9rminos y Condiciones<\/a> y <a class=\"color_brown\" href=\"https:\/\/www.termsandconditionsgenerator.com\" target=\"_blank\" rel=\"noreferrer noopener\">el Generador de Pol\u00edticas de Privacidad.<\/a><\/p>\n\n\n\n<p>Partes de este sitio web ofrecen una oportunidad para que los usuarios publiquen e intercambien opiniones e informaci\u00f3n en ciertas \u00e1reas del sitio web. Lift Parts &amp; Export no filtra, edita, publica ni revisa los Comentarios antes de su presencia en el sitio web. Los comentarios no reflejan los puntos de vista ni las opiniones de Lift Parts &amp; Export, sus agentes y \/ o afiliados. Los comentarios reflejan los puntos de vista y opiniones de la persona que publica sus puntos de vista y opiniones. En la medida en que lo permitan las leyes aplicables, Lift Parts &amp; Export no ser\u00e1 responsable de los Comentarios o de cualquier responsabilidad, da\u00f1os o gastos causados \u200b\u200by \/ o sufridos como resultado de cualquier uso y \/ o publicaci\u00f3n de y \/ o apariencia del Comentarios en este sitio web.<\/p>\n\n\n\n<p>Lift Parts &amp; Export se reserva el derecho de monitorear todos los Comentarios y de eliminar los Comentarios que puedan considerarse inapropiados, ofensivos o que incumplan estos T\u00e9rminos y Condiciones.<\/p>\n\n\n\n<p>Usted garantiza y manifiesta que:<\/p>\n\n\n\n<ul class=\"specialDash\"><li>\n    Tiene derecho a publicar los Comentarios en nuestro sitio web y tiene todas\n    las licencias y consentimientos necesarios para hacerlo;\n  <\/li><li>\n    Los Comentarios no invaden ning\u00fan derecho de propiedad intelectual,\n    incluidos, entre otros, los derechos de autor, patentes o marcas comerciales\n    de terceros;\n  <\/li><li>\n    Los Comentarios no contienen ning\u00fan material difamatorio, calumnioso,\n    ofensivo, indecente o ilegal que sea una invasi\u00f3n de la privacidad.\n  <\/li><li>\n    Los Comentarios no se utilizar\u00e1n para solicitar o promover negocios o\n    actividades comerciales personalizadas o presentes o actividades ilegales.\n  <\/li><\/ul>\n\n\n\n<p>Por la presente, otorga a Lift Parts &amp; Export una licencia no exclusiva para usar, reproducir, editar y autorizar a otros a usar, reproducir y editar cualquiera de sus Comentarios en todas y cada una de las formas, formatos o medios.<\/p>\n\n\n\n<p><strong>Hiperv\u00ednculos a nuestro contenido<\/strong><\/p>\n\n\n\n<p>Las siguientes organizaciones pueden vincularse a nuestro sitio web sin aprobaci\u00f3n previa por escrito:<\/p>\n\n\n\n<ul class=\"specialDash\"><li>Agencias gubernamentales;<\/li><li>Los motores de b\u00fasqueda;<\/li><li>Organizaciones de noticias;<\/li><li>\n    Los distribuidores de directorios en l\u00ednea pueden enlazar a nuestro sitio\n    web de la misma manera que hacen hiperv\u00ednculos a los sitios web de otras\n    empresas que figuran en la lista; y\n  <\/li><li>\n    Empresas acreditadas de todo el sistema, excepto las organizaciones sin\n    fines de lucro, los centros comerciales de caridad y los grupos de\n    recaudaci\u00f3n de fondos de caridad que no pueden hacer hiperv\u00ednculos a nuestro\n    sitio web.\n  <\/li><\/ul>\n\n\n\n<p>Estas organizaciones pueden enlazar a nuestra p\u00e1gina de inicio, a publicaciones o a otra informaci\u00f3n del sitio web siempre que el enlace: (a) no sea enga\u00f1oso de ninguna manera; (b) no implica falsamente patrocinio, respaldo o aprobaci\u00f3n de la parte vinculante y sus productos y \/ o servicios; y (c) encaja en el contexto del sitio de la parte vinculante.<\/p>\n\n\n\n<p>Podemos considerar y aprobar otras solicitudes de enlace de los siguientes tipos de organizaciones:<\/p>\n\n\n\n<ul class=\"specialDash\"><li>\n    Fuentes de informaci\u00f3n de consumidores y \/ o empresas com\u00fanmente conocidas;\n  <\/li><li>Sitios de la comunidad dot.com;<\/li><li>Asociaciones u otros grupos que representan organizaciones ben\u00e9ficas;<\/li><li>Distribuidores de directorios en l\u00ednea;<\/li><li>Portales de internet;<\/li><li>Firmas de contabilidad, derecho y consultor\u00eda; y<\/li><li>Instituciones educativas y asociaciones comerciales.<\/li><\/ul>\n\n\n\n<p>Aprobaremos las solicitudes de enlace de estas organizaciones si decidimos que: (a) el enlace no nos har\u00eda vernos desfavorablemente a nosotros mismos ni a nuestras empresas acreditadas; (b) la organizaci\u00f3n no tiene registros negativos con nosotros; (c) el beneficio para nosotros de la visibilidad del hiperv\u00ednculo compensa la ausencia de Lift Parts &amp; Export; y (d) el enlace est\u00e1 en el contexto de informaci\u00f3n general de recursos.<\/p>\n\n\n\n<p>Estas organizaciones pueden enlazar a nuestra p\u00e1gina de inicio siempre que el enlace: (a) no sea enga\u00f1oso de ninguna manera; (b) no implica falsamente patrocinio, respaldo o aprobaci\u00f3n de la parte vinculante y sus productos o servicios; y (c) encaja en el contexto del sitio de la parte vinculante.<\/p>\n\n\n\n<p>Si usted es una de las organizaciones enumeradas en el p\u00e1rrafo 2 anterior y est\u00e1 interesado en vincularse a nuestro sitio web, debe informarnos enviando un correo electr\u00f3nico a Lift Parts &amp; Export. Incluya su nombre, el nombre de su organizaci\u00f3n, la informaci\u00f3n de contacto, as\u00ed como la URL de su sitio, una lista de las URL desde las que desea vincular a nuestro sitio web y una lista de las URL de nuestro sitio a las que le gustar\u00eda Enlace. Espere 2-3 semanas para recibir una respuesta.<\/p>\n\n\n\n<p>Las organizaciones aprobadas pueden hacer hiperv\u00ednculos a nuestro sitio web de la siguiente manera:<\/p>\n\n\n\n<ul class=\"specialDash\"><li>Mediante el uso de nuestra raz\u00f3n social; o<\/li><li>\n    Mediante el uso del localizador uniforme de recursos al que se vincula; o\n  <\/li><li>\n    Mediante el uso de cualquier otra descripci\u00f3n de nuestro sitio web al que\n    est\u00e9 vinculado que tenga sentido dentro del contexto y formato del contenido\n    en el sitio de la parte vinculante.\n  <\/li><\/ul>\n\n\n\n<p>No se permitir\u00e1 el uso del logotipo de Lift Parts &amp; Export u otra obra de arte para vincular sin un acuerdo de licencia de marca registrada.<\/p>\n\n\n\n<p><strong>iFrames<\/strong><\/p>\n\n\n\n<p>Sin la aprobaci\u00f3n previa y el permiso por escrito, no puede crear marcos alrededor de nuestras p\u00e1ginas web que alteren de alguna manera la presentaci\u00f3n visual o la apariencia de nuestro sitio web.<\/p>\n\n\n\n<p><strong>Responsabilidad del contenido<\/strong><\/p>\n\n\n\n<p>No seremos responsables de ning\u00fan contenido que aparezca en su sitio web. Usted acepta protegernos y defendernos contra todas las reclamaciones que surjan en su sitio web. Ning\u00fan enlace (s) debe aparecer en ning\u00fan sitio web que pueda ser interpretado como difamatorio, obsceno o criminal, o que infrinja, de otra manera viole o defienda la infracci\u00f3n u otra violaci\u00f3n de derechos de terceros.<\/p>\n\n\n\n<p><strong>Tu privacidad<\/strong><\/p>\n\n\n\n<p>Por favor lea la pol\u00edtica de privacidad.<\/p>\n\n\n\n<p><strong>Reserva de derechos<\/strong><\/p>\n\n\n\n<p>Nos reservamos el derecho de solicitar que elimine todos los enlaces o cualquier enlace en particular a nuestro sitio web. Usted aprueba eliminar inmediatamente todos los enlaces a nuestro sitio web cuando lo solicite. Tambi\u00e9n nos reservamos el derecho de modificar estos t\u00e9rminos y condiciones y su pol\u00edtica de vinculaci\u00f3n en cualquier momento. Al vincular continuamente a nuestro sitio web, usted acepta estar vinculado y seguir estos t\u00e9rminos y condiciones de vinculaci\u00f3n.<\/p>\n\n\n\n<p><strong>Eliminaci\u00f3n de enlaces de nuestro sitio web<\/strong><\/p>\n\n\n\n<p>Si encuentra alg\u00fan enlace en nuestro sitio web que sea ofensivo por cualquier motivo, puede contactarnos e informarnos en cualquier momento. Consideraremos las solicitudes para eliminar enlaces, pero no estamos obligados a hacerlo ni a responderle directamente.<\/p>\n\n\n\n<p>No nos aseguramos de que la informaci\u00f3n en este sitio web sea correcta, no garantizamos su integridad o exactitud; tampoco nos comprometemos a garantizar que el sitio web permanezca disponible o que el material en el sitio web se mantenga actualizado.<\/p>\n\n\n\n<p><strong>Descargo de responsabilidad<\/strong><\/p>\n\n\n\n<p>En la medida m\u00e1xima permitida por la ley aplicable, excluimos todas las representaciones, garant\u00edas y condiciones relacionadas con nuestro sitio web y el uso de este sitio web. Nada en este descargo de responsabilidad:<\/p>\n\n\n\n<ul class=\"specialDash\"><li>\n    limitar o excluir nuestra responsabilidad o la suya por muerte o lesiones\n    personales;\n  <\/li><li>\n    limitar o excluir nuestra responsabilidad o la suya por fraude o\n    tergiversaci\u00f3n fraudulenta;\n  <\/li><li>\n    limitar cualquiera de nuestras responsabilidades o las suyas de cualquier\n    manera que no est\u00e9 permitida por la ley aplicable; o\n  <\/li><li>\n    excluir cualquiera de nuestras responsabilidades o las suyas que no puedan\n    estar excluidas seg\u00fan la ley aplicable.\n  <\/li><\/ul>\n\n\n\n<p>Las limitaciones y prohibiciones de responsabilidad establecidas en esta Secci\u00f3n y en otras partes de este descargo de responsabilidad: (a) est\u00e1n sujetas al p\u00e1rrafo anterior; y (b) regir\u00e1 todas las responsabilidades que surjan en virtud de la exenci\u00f3n de responsabilidad, incluidas las responsabilidades que surjan en el contrato, en agravio y por incumplimiento de la obligaci\u00f3n legal.<\/p>\n\n\n\n<p>Siempre que el sitio web y la informaci\u00f3n y los servicios en el sitio web se proporcionen de forma gratuita, no seremos responsables de ninguna p\u00e9rdida o da\u00f1o de cualquier naturaleza.<\/p>\n<br\n\/>\n","protected":false},"excerpt":{"rendered":"<p>\u00a1Bienvenido a Lift Parts &amp; Export! Estos t\u00e9rminos y condiciones describen las reglas y regulaciones para el uso del sitio web de Lift Parts &amp; Export,<span class=\"excerpt-hellip\"> [\u2026]<\/span><\/p>\n","protected":false},"author":2,"featured_media":0,"parent":0,"menu_order":0,"comment_status":"closed","ping_status":"closed","template":"","meta":{"_monsterinsights_skip_tracking":false,"_monsterinsights_sitenote_active":false,"_monsterinsights_sitenote_note":"","_monsterinsights_sitenote_category":0,"footnotes":"","_joinchat":[]},"yoast_head":"<!-- This site is optimized with the Yoast SEO plugin v22.2 - https:\/\/yoast.com\/wordpress\/plugins\/seo\/ -->\n<title>T\u00e9rminos y condiciones | Lift Parts &amp; Export Florida<\/title>\n<meta name=\"description\" content=\"T\u00e9rminos y condiciones | Lift Parts &amp; Export Florida\" \/>\n<meta name=\"robots\" content=\"index, follow, max-snippet:-1, max-image-preview:large, max-video-preview:-1\" \/>\n<link rel=\"canonical\" href=\"https:\/\/www.liftpartsfl.com\/es\/terminos-y-condiciones\/\" \/>\n<meta property=\"og:locale\" content=\"es_ES\" \/>\n<meta property=\"og:type\" content=\"article\" \/>\n<meta property=\"og:title\" content=\"T\u00e9rminos y condiciones | Lift Parts &amp; Export Florida\" \/>\n<meta property=\"og:description\" content=\"T\u00e9rminos y condiciones | Lift Parts &amp; Export Florida\" \/>\n<meta property=\"og:url\" content=\"https:\/\/www.liftpartsfl.com\/es\/terminos-y-condiciones\/\" \/>\n<meta property=\"og:site_name\" content=\"Lift Parts &amp; Export Florida\" \/>\n<meta property=\"article:modified_time\" content=\"2021-07-19T12:11:52+00:00\" \/>\n<meta name=\"twitter:card\" content=\"summary_large_image\" \/>\n<meta name=\"twitter:label1\" content=\"Tiempo de lectura\" \/>\n\t<meta name=\"twitter:data1\" content=\"9 minutos\" \/>\n<script type=\"application\/ld+json\" class=\"yoast-schema-graph\">{\"@context\":\"https:\/\/schema.org\",\"@graph\":[{\"@type\":\"WebPage\",\"@id\":\"https:\/\/www.liftpartsfl.com\/es\/terminos-y-condiciones\/\",\"url\":\"https:\/\/www.liftpartsfl.com\/es\/terminos-y-condiciones\/\",\"name\":\"T\u00e9rminos y condiciones | Lift Parts &amp; Export Florida\",\"isPartOf\":{\"@id\":\"https:\/\/www.liftpartsfl.com\/#website\"},\"datePublished\":\"2021-01-18T18:45:18+00:00\",\"dateModified\":\"2021-07-19T12:11:52+00:00\",\"description\":\"T\u00e9rminos y condiciones | Lift Parts &amp; Export Florida\",\"breadcrumb\":{\"@id\":\"https:\/\/www.liftpartsfl.com\/es\/terminos-y-condiciones\/#breadcrumb\"},\"inLanguage\":\"es\",\"potentialAction\":[{\"@type\":\"ReadAction\",\"target\":[\"https:\/\/www.liftpartsfl.com\/es\/terminos-y-condiciones\/\"]}]},{\"@type\":\"BreadcrumbList\",\"@id\":\"https:\/\/www.liftpartsfl.com\/es\/terminos-y-condiciones\/#breadcrumb\",\"itemListElement\":[{\"@type\":\"ListItem\",\"position\":1,\"name\":\"Portada\",\"item\":\"https:\/\/www.liftpartsfl.com\/es\/\"},{\"@type\":\"ListItem\",\"position\":2,\"name\":\"T\u00e9rminos y condiciones\"}]},{\"@type\":\"WebSite\",\"@id\":\"https:\/\/www.liftpartsfl.com\/#website\",\"url\":\"https:\/\/www.liftpartsfl.com\/\",\"name\":\"Lift Parts &amp; Export Florida\",\"description\":\"\",\"potentialAction\":[{\"@type\":\"SearchAction\",\"target\":{\"@type\":\"EntryPoint\",\"urlTemplate\":\"https:\/\/www.liftpartsfl.com\/?s={search_term_string}\"},\"query-input\":\"required name=search_term_string\"}],\"inLanguage\":\"es\"}]}<\/script>\n<!-- \/ Yoast SEO plugin. -->","yoast_head_json":{"title":"T\u00e9rminos y condiciones | Lift Parts &amp; Export Florida","description":"T\u00e9rminos y condiciones | Lift Parts &amp; Export Florida","robots":{"index":"index","follow":"follow","max-snippet":"max-snippet:-1","max-image-preview":"max-image-preview:large","max-video-preview":"max-video-preview:-1"},"canonical":"https:\/\/www.liftpartsfl.com\/es\/terminos-y-condiciones\/","og_locale":"es_ES","og_type":"article","og_title":"T\u00e9rminos y condiciones | Lift Parts &amp; Export Florida","og_description":"T\u00e9rminos y condiciones | Lift Parts &amp; Export Florida","og_url":"https:\/\/www.liftpartsfl.com\/es\/terminos-y-condiciones\/","og_site_name":"Lift Parts &amp; Export Florida","article_modified_time":"2021-07-19T12:11:52+00:00","twitter_card":"summary_large_image","twitter_misc":{"Tiempo de lectura":"9 minutos"},"schema":{"@context":"https:\/\/schema.org","@graph":[{"@type":"WebPage","@id":"https:\/\/www.liftpartsfl.com\/es\/terminos-y-condiciones\/","url":"https:\/\/www.liftpartsfl.com\/es\/terminos-y-condiciones\/","name":"T\u00e9rminos y condiciones | Lift Parts &amp; Export Florida","isPartOf":{"@id":"https:\/\/www.liftpartsfl.com\/#website"},"datePublished":"2021-01-18T18:45:18+00:00","dateModified":"2021-07-19T12:11:52+00:00","description":"T\u00e9rminos y condiciones | Lift Parts &amp; Export Florida","breadcrumb":{"@id":"https:\/\/www.liftpartsfl.com\/es\/terminos-y-condiciones\/#breadcrumb"},"inLanguage":"es","potentialAction":[{"@type":"ReadAction","target":["https:\/\/www.liftpartsfl.com\/es\/terminos-y-condiciones\/"]}]},{"@type":"BreadcrumbList","@id":"https:\/\/www.liftpartsfl.com\/es\/terminos-y-condiciones\/#breadcrumb","itemListElement":[{"@type":"ListItem","position":1,"name":"Portada","item":"https:\/\/www.liftpartsfl.com\/es\/"},{"@type":"ListItem","position":2,"name":"T\u00e9rminos y condiciones"}]},{"@type":"WebSite","@id":"https:\/\/www.liftpartsfl.com\/#website","url":"https:\/\/www.liftpartsfl.com\/","name":"Lift Parts &amp; Export Florida","description":"","potentialAction":[{"@type":"SearchAction","target":{"@type":"EntryPoint","urlTemplate":"https:\/\/www.liftpartsfl.com\/?s={search_term_string}"},"query-input":"required name=search_term_string"}],"inLanguage":"es"}]}},"_links":{"self":[{"href":"https:\/\/www.liftpartsfl.com\/es\/wp-json\/wp\/v2\/pages\/1000"}],"collection":[{"href":"https:\/\/www.liftpartsfl.com\/es\/wp-json\/wp\/v2\/pages"}],"about":[{"href":"https:\/\/www.liftpartsfl.com\/es\/wp-json\/wp\/v2\/types\/page"}],"author":[{"embeddable":true,"href":"https:\/\/www.liftpartsfl.com\/es\/wp-json\/wp\/v2\/users\/2"}],"replies":[{"embeddable":true,"href":"https:\/\/www.liftpartsfl.com\/es\/wp-json\/wp\/v2\/comments?post=1000"}],"version-history":[{"count":10,"href":"https:\/\/www.liftpartsfl.com\/es\/wp-json\/wp\/v2\/pages\/1000\/revisions"}],"predecessor-version":[{"id":1032,"href":"https:\/\/www.liftpartsfl.com\/es\/wp-json\/wp\/v2\/pages\/1000\/revisions\/1032"}],"wp:attachment":[{"href":"https:\/\/www.liftpartsfl.com\/es\/wp-json\/wp\/v2\/media?parent=1000"}],"curies":[{"name":"wp","href":"https:\/\/api.w.org\/{rel}","templated":true}]}}